{"id":24,"date":"2025-08-16T10:58:37","date_gmt":"2025-08-16T10:58:37","guid":{"rendered":"https:\/\/www.chibagua.com\/?page_id=24"},"modified":"2025-08-16T11:01:05","modified_gmt":"2025-08-16T11:01:05","slug":"welcome","status":"publish","type":"page","link":"https:\/\/www.chibagua.com\/fr\/","title":{"rendered":"Welcome"},"content":{"rendered":"\n<h1 class=\"wp-block-heading\">\ud83c\udf3f Introduction au Feng Shui<\/h1>\n\n\n\n<h3 class=\"wp-block-heading\">Qu\u2019est-ce que le Feng Shui ?<\/h3>\n\n\n\n<ul class=\"wp-block-list\">\n<li>Pratique chinoise ancienne signifiant <em>\u00ab Vent et Eau \u00bb<\/em><\/li>\n\n\n\n<li>Vise \u00e0 harmoniser le <strong>qi (\u00e9nergie vitale)<\/strong> dans les espaces<\/li>\n\n\n\n<li>\u00c9quilibre entre l\u2019homme et son environnement<\/li>\n<\/ul>\n\n\n\n<h3 class=\"wp-block-heading\">Principes de base<\/h3>\n\n\n\n<ul class=\"wp-block-list\">\n<li><strong>Qi (Chi) :<\/strong> Force vitale essentielle<\/li>\n\n\n\n<li><strong>Yin &#038; Yang :<\/strong> \u00c9quilibre des oppos\u00e9s<\/li>\n\n\n\n<li><strong>Cinq \u00c9l\u00e9ments :<\/strong> Bois, Feu, Terre, M\u00e9tal, Eau<\/li>\n\n\n\n<li><strong>Carte du Bagua :<\/strong> Carte \u00e9nerg\u00e9tique des domaines de vie<\/li>\n<\/ul>\n\n\n\n<h3 class=\"wp-block-heading\">Pourquoi pratiquer le Feng Shui ?<\/h3>\n\n\n\n<ul class=\"wp-block-list\">\n<li>Am\u00e9liorer la sant\u00e9 et le bien-\u00eatre<\/li>\n\n\n\n<li>Attirer prosp\u00e9rit\u00e9 et succ\u00e8s<\/li>\n\n\n\n<li>Favoriser l\u2019harmonie dans les relations<\/li>\n\n\n\n<li>Cr\u00e9er confort et \u00e9nergie positive \u00e0 la maison ou au travail<\/li>\n<\/ul>\n","protected":false},"excerpt":{"rendered":"<p>\ud83c\udf3f Introduction au Feng Shui Qu\u2019est-ce que le Feng Shui ? Principes de base Pourquoi pratiquer le Feng Shui ?<\/p>\n","protected":false},"author":1,"featured_media":0,"parent":0,"menu_order":0,"comment_status":"closed","ping_status":"closed","template":"","meta":{"footnotes":""},"class_list":["post-24","page","type-page","status-publish","hentry"],"_links":{"self":[{"href":"https:\/\/www.chibagua.com\/fr\/wp-json\/wp\/v2\/pages\/24","targetHints":{"allow":["GET"]}}],"collection":[{"href":"https:\/\/www.chibagua.com\/fr\/wp-json\/wp\/v2\/pages"}],"about":[{"href":"https:\/\/www.chibagua.com\/fr\/wp-json\/wp\/v2\/types\/page"}],"author":[{"embeddable":true,"href":"https:\/\/www.chibagua.com\/fr\/wp-json\/wp\/v2\/users\/1"}],"replies":[{"embeddable":true,"href":"https:\/\/www.chibagua.com\/fr\/wp-json\/wp\/v2\/comments?post=24"}],"version-history":[{"count":5,"href":"https:\/\/www.chibagua.com\/fr\/wp-json\/wp\/v2\/pages\/24\/revisions"}],"predecessor-version":[{"id":29,"href":"https:\/\/www.chibagua.com\/fr\/wp-json\/wp\/v2\/pages\/24\/revisions\/29"}],"wp:attachment":[{"href":"https:\/\/www.chibagua.com\/fr\/wp-json\/wp\/v2\/media?parent=24"}],"curies":[{"name":"wp","href":"https:\/\/api.w.org\/{rel}","templated":true}]}}